{"id":185,"date":"2020-04-19T13:14:46","date_gmt":"2020-04-19T11:14:46","guid":{"rendered":"http:\/\/combackpub.com\/?page_id=185"},"modified":"2020-12-09T19:31:21","modified_gmt":"2020-12-09T18:31:21","slug":"a-propos-de-nous","status":"publish","type":"page","link":"https:\/\/combackpub.com\/?page_id=185","title":{"rendered":"A propos de nous"},"content":{"rendered":"\t\t<div data-elementor-type=\"wp-page\" data-elementor-id=\"185\" class=\"elementor elementor-185\" data-elementor-settings=\"[]\">\n\t\t\t\t\t\t<div class=\"elementor-inner\">\n\t\t\t\t\t\t\t<div class=\"elementor-section-wrap\">\n\t\t\t\t\t\t\t<section class=\"elementor-section elementor-top-section elementor-element elementor-element-6b4d4dcc elementor-section-full_width elementor-section-height-default elementor-section-height-default\" data-id=\"6b4d4dcc\" data-element_type=\"section\">\n\t\t\t\t\t\t<div class=\"elementor-container elementor-column-gap-default\">\n\t\t\t\t\t\t\t<div class=\"elementor-row\">\n\t\t\t\t\t<div class=\"elementor-column elementor-col-100 elementor-top-column elementor-element elementor-element-4d65c020\" data-id=\"4d65c020\" data-element_type=\"column\">\n\t\t\t<div class=\"elementor-column-wrap elementor-element-populated\">\n\t\t\t\t\t\t\t<div class=\"elementor-widget-wrap\">\n\t\t\t\t\t\t<div class=\"elementor-element elementor-element-57030cc9 elementor-invisible elementor-widget elementor-widget-text-editor\" data-id=\"57030cc9\" data-element_type=\"widget\" data-settings=\"{&quot;_animation&quot;:&quot;fadeIn&quot;}\" data-widget_type=\"text-editor.default\">\n\t\t\t\t<div class=\"elementor-widget-container\">\n\t\t\t\t\t<div class=\"elementor-text-editor elementor-clearfix\"><p><!-- wp:paragraph --><\/p>\n<p>L\u2019imprimerie et la communication une affaire de famille depuis quatre g\u00e9n\u00e9rations.<\/p>\n<p><br \/>Le march\u0117 de l\u2019imprimerie s\u2019est industrialis\u00e9 et seules les grosses structures ont r\u00e9sist\u00e9, ce qui nous a conduit \u00e0 nous reconstruire dans un autre domaine, mais pas si diff\u00e9rent.<\/p>\n<p><!-- \/wp:paragraph --><\/p>\n<p><!-- wp:paragraph --><\/p>\n<p><br \/>Nous avons commenc\u00e9 par la commercialisation d\u2019enseignes signal\u00e9tiques qui reste a ce jour une pratique artisanale. Nous avons commenc\u00e9 par achet\u00e9 nos produits sur Internet\u00a0puis le temps passant nous nous sommes aper\u00e7us que la qualit\u00e9 n\u2019\u00e9tait pas au rendez-vous ainsi que le service client souvent bas\u00e9 \u00e0 l\u2019\u00e9trang\u00e9.<br \/>Nous souhaitons aujourd\u2019hui vous proposer un service et des produits de qualit\u00e9 \u00e0 travers COMBACK<\/p>\n<p><!-- \/wp:paragraph --><\/p>\n<p><!-- wp:paragraph --><\/p>\n<p><br \/>La solution a \u00e9t\u00e9 d\u2019investir dans du mat\u00e9riel, r\u00e9cent et de qualit\u00e9 afin de pouvoir fournir un travail a la hauteur de vos esp\u00e9rances.<br \/>Notre d\u00e9marche est la suivante, commercialiser un produit de qualit\u00e9 avec notre savoir faire, professionnalisme, r\u00e9activit\u00e9, pour satisfaire le plus grand nombre de personnes avec des prix tr\u00e8s comp\u0117titifs, un accueil t\u00e9l\u00e9phonique de qualit\u00e9 et un suivi personnalis\u00e9 pour vous satisfaire.<\/p>\n<p><!-- \/wp:paragraph --><\/p><\/div>\n\t\t\t\t<\/div>\n\t\t\t\t<\/div>\n\t\t\t\t\t\t<\/div>\n\t\t\t\t\t<\/div>\n\t\t<\/div>\n\t\t\t\t\t\t\t\t<\/div>\n\t\t\t\t\t<\/div>\n\t\t<\/section>\n\t\t\t\t\t\t<\/div>\n\t\t\t\t\t\t<\/div>\n\t\t\t\t\t<\/div>\n\t\t","protected":false},"excerpt":{"rendered":"<p>L\u2019imprimerie et la communication une affaire de famille depuis quatre g\u00e9n\u00e9rations. Le march\u0117 de l\u2019imprimerie s\u2019est industrialis\u00e9 et seules les grosses structures ont r\u00e9sist\u00e9, ce qui nous a conduit \u00e0 nous reconstruire dans un autre domaine, mais pas si diff\u00e9rent. Nous avons commenc\u00e9 par la commercialisation d\u2019enseignes signal\u00e9tiques qui reste a ce jour une pratique [&hellip;]<\/p>\n","protected":false},"author":1,"featured_media":0,"parent":0,"menu_order":4,"comment_status":"closed","ping_status":"closed","template":"","meta":[],"_links":{"self":[{"href":"https:\/\/combackpub.com\/index.php?rest_route=\/wp\/v2\/pages\/185"}],"collection":[{"href":"https:\/\/combackpub.com\/index.php?rest_route=\/wp\/v2\/pages"}],"about":[{"href":"https:\/\/combackpub.com\/index.php?rest_route=\/wp\/v2\/types\/page"}],"author":[{"embeddable":true,"href":"https:\/\/combackpub.com\/index.php?rest_route=\/wp\/v2\/users\/1"}],"replies":[{"embeddable":true,"href":"https:\/\/combackpub.com\/index.php?rest_route=%2Fwp%2Fv2%2Fcomments&post=185"}],"version-history":[{"count":9,"href":"https:\/\/combackpub.com\/index.php?rest_route=\/wp\/v2\/pages\/185\/revisions"}],"predecessor-version":[{"id":375,"href":"https:\/\/combackpub.com\/index.php?rest_route=\/wp\/v2\/pages\/185\/revisions\/375"}],"wp:attachment":[{"href":"https:\/\/combackpub.com\/index.php?rest_route=%2Fwp%2Fv2%2Fmedia&parent=185"}],"curies":[{"name":"wp","href":"https:\/\/api.w.org\/{rel}","templated":true}]}}